{"id":5,"date":"2020-09-09T16:40:45","date_gmt":"2020-09-09T16:40:45","guid":{"rendered":"https:\/\/drtorrescorpas.es\/promocion\/?page_id=5"},"modified":"2023-06-15T08:53:00","modified_gmt":"2023-06-15T08:53:00","slug":"politica-de-privacidad","status":"publish","type":"page","link":"https:\/\/drtorrescorpas.es\/promocion\/politica-de-privacidad\/","title":{"rendered":"Pol\u00edtica de Privacidad"},"content":{"rendered":"\n<style type=\"text\/css\" data-created_by=\"avia_inline_auto\" id=\"style-css-av-408d-6f01a7732ba03d35967dd12c684c6e93\">\n.flex_column.av-408d-6f01a7732ba03d35967dd12c684c6e93{\nborder-radius:0px 0px 0px 0px;\npadding:0px 0px 0px 0px;\n}\n<\/style>\n<div  class='flex_column av-408d-6f01a7732ba03d35967dd12c684c6e93 av_one_full  avia-builder-el-0  avia-builder-el-no-sibling  first flex_column_div av-zero-column-padding  '     ><section  class='av_textblock_section av-kevmfo22-18109eb9a53d8c42c8ed982ec46395b9 '   itemscope=\"itemscope\" itemtype=\"https:\/\/schema.org\/CreativeWork\" ><div class='avia_textblock'  itemprop=\"text\" ><p>La privacidad es de gran importancia para BELNANI, S.L. y queremos mantener una actitud abierta y transparente al tratar sus datos personales.<\/p>\n<p>Por lo tanto, disponemos de una pol\u00edtica que establece c\u00f3mo se tratan y protegen sus datos personales.<\/p>\n<p><strong>\u00bfQui\u00e9n es el responsable del tratamiento de sus datos?<\/strong><\/p>\n<p>BELNANI, S.L. | CIF: B93235125 | Dir. Postal: MALAGA (MALAGA), C.P. 29010, AVENIDA EDITOR \u00c1NGEL CAGFARENA N\u00ba 11, 2\u00b0D |<\/p>\n<p>E-mail: belen208@telefonica.net<\/p>\n<p><strong>\u00bfCon qu\u00e9 finalidad tratamos sus datos personales?<\/strong><\/p>\n<p>En BELNANI, S.L. tratamos la informaci\u00f3n que nos facilitan las personas interesadas con el fin de realizar la gesti\u00f3n administrativa, contable y fiscal de los servicios solicitados, as\u00ed como enviar comunicaciones comerciales sobre nuestros productos y servicios, para cuyo consentimiento usted haya prestado.<\/p>\n<p><strong>\u00bfPor cu\u00e1nto tiempo conservaremos sus datos?<\/strong><\/p>\n<p>Los datos se conservar\u00e1n mientras se mantenga la relaci\u00f3n comercial, y en su caso, durante los a\u00f1os necesarios para cumplir con las obligaciones legales que resulte de aplicaci\u00f3n.<\/p>\n<p><strong>\u00bfCu\u00e1l es la legitimaci\u00f3n para el tratamiento de sus datos?<\/strong><\/p>\n<p>Le indicamos la base legal para el tratamiento de sus datos:<\/p>\n<ul>\n<li>Ejecuci\u00f3n de un contrato: Prestaci\u00f3n de los servicios solicitados<\/li>\n<li>Consentimiento del interesado: Env\u00edo de comunicaciones comerciales.<\/li>\n<\/ul>\n<p><strong>\u00bfA qu\u00e9 destinatarios se comunicar\u00e1n sus datos?<\/strong><\/p>\n<p>\u00danicamente se ceder\u00e1n sus datos a los terceros para los cuales hemos recabado debidamente su consentimiento, as\u00ed como para dar cumplimiento a las obligaciones legales.<\/p>\n<p>Transferencias de datos a terceros pa\u00edses<\/p>\n<p>No est\u00e1n previstas transferencias de datos a terceros pa\u00edses.<\/p>\n<p><strong>\u00bfCu\u00e1les son sus derechos cuando nos facilita sus datos?<\/strong><\/p>\n<p>Cualquier persona tiene derecho a obtener confirmaci\u00f3n sobre si en BELNANI, S.L. estamos tratando datos personales que les conciernan, o no.<\/p>\n<p>Las personas interesadas tienen derecho a acceder a sus datos personales, as\u00ed como a solicitar la rectificaci\u00f3n de los datos inexactos o, en su caso, solicitar su supresi\u00f3n cuando, entre otros motivos, los datos ya no sea necesarios para los fines que fueron recogidos.<\/p>\n<p>En determinadas circunstancias, los interesados podr\u00e1n solicitar la limitaci\u00f3n del tratamiento de sus datos, en cuyo caso \u00fanicamente los conservaremos para el ejercicio o la defensa de reclamaciones.<\/p>\n<p>En determinadas circunstancias y por motivos relacionados con su situaci\u00f3n particular, los interesados podr\u00e1n oponerse al tratamiento de sus datos. En este caso, BELNANI, S.L. dejar\u00e1 de tratar los datos, salvo por motivos leg\u00edtimos imperiosos, o el ejercicio o la defensa de posibles reclamaciones.<\/p>\n<p>Podr\u00e1 ejercitar materialmente sus derechos de la siguiente forma: dirigi\u00e9ndose a la direcci\u00f3n de correo electr\u00f3nico del responsable del tratamiento rese\u00f1ado anteriormente adjuntando copia de su DNI o documento de identidad.<\/p>\n<p>Si ha otorgado su consentimiento para alguna finalidad concreta, tiene derecho a retirar el consentimiento otorgado en cualquier momento, sin que ello afecte a la licitud del tratamiento basado en el consentimiento previo a su retirada.<\/p>\n<p>En caso de que sienta vulnerados sus derechos en lo concerniente a la protecci\u00f3n de sus datos personales, especialmente cuando no haya obtenido satisfacci\u00f3n en el ejercicio de sus derechos, puede presentar una reclamaci\u00f3n ante la Autoridad de Control en materia de Protecci\u00f3n de Datos competente a trav\u00e9s de su sitio web:<\/p>\n<p><strong>\u00bfC\u00f3mo hemos obtenido sus datos?<\/strong><\/p>\n<p>Los datos personales que tratamos en BELNANI, S.L. han sido directamente proporcionados por el interesado.<\/p>\n<p>Las categor\u00edas de datos que se tratan son:<\/p>\n<ul>\n<li>Datos identificativos<\/li>\n<li>Direcciones postales y electr\u00f3nicas<\/li>\n<li>Informaci\u00f3n comercial<\/li>\n<\/ul>\n<p><strong><span>hCaptcha<\/span><\/strong><\/p>\n<p><span>Utilizamos el servicio de seguridad hCaptcha (en adelante, \u00abhCaptcha\u00bb) en nuestro sitio web.\u00a0Este servicio es proporcionado por Intuition Machines, Inc., una corporaci\u00f3n estadounidense de Delaware (\u00abIMI\u00bb).\u00a0hCaptcha se utiliza para verificar si las acciones del usuario en nuestro servicio en l\u00ednea (como enviar un inicio de sesi\u00f3n o un formulario de contacto) cumplen con nuestros requisitos de seguridad.\u00a0Para ello, hCaptcha analiza el comportamiento del visitante del sitio web o de la aplicaci\u00f3n m\u00f3vil en funci\u00f3n de varias caracter\u00edsticas.\u00a0Este an\u00e1lisis comienza autom\u00e1ticamente tan pronto como el visitante del sitio web o la aplicaci\u00f3n m\u00f3vil ingresa a una parte del sitio web o la aplicaci\u00f3n con hCaptcha habilitado.\u00a0Para el an\u00e1lisis, hCaptcha eval\u00faa diversa informaci\u00f3n (por ejemplo, la direcci\u00f3n IP, cu\u00e1nto tiempo ha estado el visitante en el sitio web o la aplicaci\u00f3n, o los movimientos del mouse realizados por el usuario).\u00a0Los datos recopilados durante el an\u00e1lisis se enviar\u00e1n a IMI.\u00a0An\u00e1lisis de hCaptcha en el \u00bb\u00a0nuestro servicio en l\u00ednea tiene un inter\u00e9s leg\u00edtimo en proteger el servicio contra el rastreo automatizado abusivo, el spam y otras formas de abuso que pueden da\u00f1ar nuestro servicio o a otros usuarios de nuestro servicio.\u00a0IMI act\u00faa como un \u00abprocesador de datos\u00bb que act\u00faa en nombre de sus clientes, tal como se define en el RGPD, y como un \u00abproveedor de servicios\u00bb a los efectos de la Ley de Privacidad del Consumidor de California (CCPA).\u00a0Para obtener m\u00e1s informaci\u00f3n sobre la pol\u00edtica de privacidad y los t\u00e9rminos de uso de hCaptcha, visite los siguientes enlaces:\u00a0<\/span><a href=\"https:\/\/www.hcaptcha.com\/privacy\" target=\"_blank\" rel=\"noopener noreferrer\"><span>https:\/\/www.hcaptcha.com\/privacy<\/span><\/a><span>\u00a0\u00a0y\u00a0\u00a0<\/span><a href=\"https:\/\/www.hcaptcha.com\/terms\" target=\"_blank\" rel=\"noopener noreferrer\"><span>https:\/\/www.hcaptcha.com\/terms<\/span><\/a><\/p>\n<\/div><\/section><\/div>\n","protected":false},"excerpt":{"rendered":"","protected":false},"author":4,"featured_media":0,"parent":0,"menu_order":0,"comment_status":"closed","ping_status":"closed","template":"","meta":{"footnotes":""},"class_list":["post-5","page","type-page","status-publish","hentry"],"_links":{"self":[{"href":"https:\/\/drtorrescorpas.es\/promocion\/wp-json\/wp\/v2\/pages\/5","targetHints":{"allow":["GET"]}}],"collection":[{"href":"https:\/\/drtorrescorpas.es\/promocion\/wp-json\/wp\/v2\/pages"}],"about":[{"href":"https:\/\/drtorrescorpas.es\/promocion\/wp-json\/wp\/v2\/types\/page"}],"author":[{"embeddable":true,"href":"https:\/\/drtorrescorpas.es\/promocion\/wp-json\/wp\/v2\/users\/4"}],"replies":[{"embeddable":true,"href":"https:\/\/drtorrescorpas.es\/promocion\/wp-json\/wp\/v2\/comments?post=5"}],"version-history":[{"count":4,"href":"https:\/\/drtorrescorpas.es\/promocion\/wp-json\/wp\/v2\/pages\/5\/revisions"}],"predecessor-version":[{"id":112,"href":"https:\/\/drtorrescorpas.es\/promocion\/wp-json\/wp\/v2\/pages\/5\/revisions\/112"}],"wp:attachment":[{"href":"https:\/\/drtorrescorpas.es\/promocion\/wp-json\/wp\/v2\/media?parent=5"}],"curies":[{"name":"wp","href":"https:\/\/api.w.org\/{rel}","templated":true}]}}