{"id":14,"date":"2020-09-09T16:42:29","date_gmt":"2020-09-09T16:42:29","guid":{"rendered":"https:\/\/drtorrescorpas.es\/promocion\/?page_id=14"},"modified":"2020-10-01T16:06:58","modified_gmt":"2020-10-01T16:06:58","slug":"terminos-de-uso-web","status":"publish","type":"page","link":"https:\/\/drtorrescorpas.es\/promocion\/terminos-de-uso-web\/","title":{"rendered":"T\u00e9rminos de Uso Web"},"content":{"rendered":"\n<style type=\"text\/css\" data-created_by=\"avia_inline_auto\" id=\"style-css-av-udga-32541e1492e3d87f466bb96793f138e3\">\n.flex_column.av-udga-32541e1492e3d87f466bb96793f138e3{\nborder-radius:0px 0px 0px 0px;\npadding:0px 0px 0px 0px;\n}\n<\/style>\n<div  class='flex_column av-udga-32541e1492e3d87f466bb96793f138e3 av_one_full  avia-builder-el-0  avia-builder-el-no-sibling  first flex_column_div av-zero-column-padding  '     ><section  class='av_textblock_section av-kevmf9ko-fae8ad0432aea78dcb01b3737f9c96d2 '   itemscope=\"itemscope\" itemtype=\"https:\/\/schema.org\/CreativeWork\" ><div class='avia_textblock'  itemprop=\"text\" ><ol>\n<li><strong>Informaci\u00f3n legal y aceptaci\u00f3n<\/strong><\/li>\n<\/ol>\n<p>Las presentes disposiciones regulan el uso del servicio del portal de Internet (en adelante, el \u2018Portal\u2019) que la Dr.\u00a0 Torres Corpas \u2013 BELNANI, S.L. \u00a0(en adelante, BELNANI, S.L. ) pone a disposici\u00f3n de los usuarios de Internet.<\/p>\n<p>BELNANI, S.L. \u00a0| CIF: B93235125 | Dir. Postal: MALAGA (MALAGA), C.P. 29010, AVENIDA EDITOR \u00c1NGEL CAGFARENA N\u00ba 11, 2\u00b0D | info@drtorrescorpas.es<\/p>\n<p>El acceso a la p\u00e1gina web es gratuito salvo en lo relativo al coste de la conexi\u00f3n a trav\u00e9s de la red de telecomunicaciones suministrada por el proveedor de acceso contratado por los usuarios. Determinados servicios son exclusivos para nuestros clientes y su acceso se encuentra restringido.<\/p>\n<p>La utilizaci\u00f3n del Portal atribuye la condici\u00f3n de usuario del Portal (en adelante, el \u2018Usuario\u2019) e implica la aceptaci\u00f3n de todas las condiciones incluidas en este Aviso Legal. La prestaci\u00f3n del servicio del Portal tiene una duraci\u00f3n limitada al momento en el que el Usuario se encuentre conectado al Portal o a alguno de los servicios que a trav\u00e9s del mismo se facilitan. Por tanto, el Usuario debe leer atentamente el presente Aviso Legal en cada una de las ocasiones en que se proponga utilizar el Portal, ya que \u00e9ste y sus condiciones de uso recogidas en el presente Aviso Legal pueden sufrir modificaciones.<\/p>\n<p>Algunos servicios del Portal accesibles para los usuarios de Internet o exclusivos para los clientes de BELNANI, S.L. , pueden estar sometidos a condiciones particulares, reglamentos e instrucciones que, en su caso, sustituyen, completan y\/o modifican el presente Aviso Legal y que deber\u00e1n ser aceptadas por el Usuario antes de iniciarse la prestaci\u00f3n del servicio correspondiente.<\/p>\n<ol start=\"2\">\n<li><strong>Propiedad intelectual e industrial<\/strong><\/li>\n<\/ol>\n<p>Todos los contenidos del Portal, entendiendo por estos a t\u00edtulo meramente enunciativo los textos, fotograf\u00edas, gr\u00e1ficos, im\u00e1genes, iconos, tecnolog\u00eda, software, links y dem\u00e1s contenidos audiovisuales o sonoros, as\u00ed como su dise\u00f1o gr\u00e1fico y c\u00f3digos fuente (en adelante, los \u2018Contenidos\u2019), son propiedad intelectual de BELNANI, S.L. \u00a0o de terceros, sin que puedan entenderse cedidos al Usuario ninguno de los derechos de explotaci\u00f3n reconocidos por la normativa vigente en materia de propiedad intelectual sobre los mismos, salvo aquellos que resulten estrictamente necesario para el uso del Portal.<\/p>\n<p>Las marcas, nombres comerciales o signos distintivos son titularidad de BELNANI, S.L. \u00a0o terceros, sin que pueda entenderse que el acceso al Portal atribuya ning\u00fan derecho sobre las citadas marcas, nombres comerciales y\/o signos distintivos.<\/p>\n<ol start=\"3\">\n<li><strong>Condiciones de uso del portal<\/strong><\/li>\n<\/ol>\n<p><strong>3.1 General<\/strong><\/p>\n<p>El Usuario se obliga a hacer un uso correcto del Portal de conformidad con la Ley y el presente Aviso Legal. El Usuario responder\u00e1 frente a BELNANI, S.L. \u00a0o frente a terceros, de cualesquiera da\u00f1os y perjuicios que pudieran causarse como consecuencia del incumplimiento de dicha obligaci\u00f3n.<\/p>\n<p>Queda expresamente prohibido el uso del Portal con fines lesivos de bienes o intereses de BELNANI, S.L. \u00a0o de terceros o que de cualquier otra forma sobrecarguen, da\u00f1en o inutilicen las redes, servidores y dem\u00e1s equipos inform\u00e1ticos (hardware) o productos y aplicaciones inform\u00e1ticas (software) de BELNANI, S.L. \u00a0o de terceros.<\/p>\n<p><strong>3.2 Contenidos<\/strong><\/p>\n<p>El Usuario se compromete a utilizar los Contenidos de conformidad con la Ley y el presente Aviso Legal, as\u00ed como con las dem\u00e1s condiciones, reglamentos e instrucciones que en su caso pudieran ser de aplicaci\u00f3n de conformidad con lo dispuesto en la cl\u00e1usula 1.<\/p>\n<p>Con car\u00e1cter meramente enunciativo, el Usuario de acuerdo con la legislaci\u00f3n vigente deber\u00e1 abstenerse de:<\/p>\n<p>Reproducir, copiar, distribuir, poner a disposici\u00f3n, comunicar p\u00fablicamente, transformar o modificar los Contenidos salvo en los casos autorizados en la ley o expresamente consentidos por BELNANI, S.L. \u00a0o por quien ostente la titularidad de los derechos de explotaci\u00f3n en su caso.<br \/>\nReproducir o copiar para uso privado los Contenidos que puedan ser considerados como Software o Base de Datos de conformidad con la legislaci\u00f3n vigente en materia de propiedad intelectual, as\u00ed como su comunicaci\u00f3n p\u00fablica o puesta a disposici\u00f3n de terceros cuando estos actos impliquen necesariamente la reproducci\u00f3n por parte del Usuario o de un tercero.<\/p>\n<p>Extraer y\/o reutilizar la totalidad o una parte sustancial de los Contenidos integrantes del Portal as\u00ed como de las bases de datos que BELNANI, S.L. \u00a0pongan a disposici\u00f3n de los Usuarios.<\/p>\n<p><strong>3.3 Formularios de recogida de datos<\/strong><\/p>\n<p>Sin perjuicio de lo dispuesto del presente Aviso Legal, as\u00ed como en las pol\u00edticas de privacidad accesibles desde el Portal y que pudieran resultar aplicable en cada momento, la utilizaci\u00f3n de ciertos servicios o solicitudes dirigidas a BELNANI, S.L. \u00a0est\u00e1n condicionadas a la previa cumplimentaci\u00f3n del correspondiente registro de Usuario.<\/p>\n<p>Toda la informaci\u00f3n que facilite el Usuario a trav\u00e9s de los formularios del Portal a los efectos anteriores o cualesquiera otros deber\u00e1 ser veraz. A estos efectos, el Usuario garantiza la autenticidad de todos aquellos datos que comunique y mantendr\u00e1 la informaci\u00f3n facilitada a BELNANI, S.L. \u00a0perfectamente actualizada de forma que responda, en todo momento, a la situaci\u00f3n real del Usuario. En todo caso ser\u00e1 el Usuario el \u00fanico responsable de las manifestaciones falsas o inexactas que realice y de los perjuicios que cause a BELNANI, S.L. \u00a0o a terceros por la informaci\u00f3n que facilite.<\/p>\n<p><strong>3.4 Introducci\u00f3n de enlaces al Portal<\/strong><\/p>\n<p>El usuario de Internet que quiera introducir enlaces desde sus propias p\u00e1ginas web al Portal deber\u00e1 cumplir con las condiciones que se detallan a continuaci\u00f3n sin que el desconocimiento de las mismas evite las responsabilidades derivadas de la Ley:<\/p>\n<p>El enlace \u00fanicamente vincular\u00e1 con la home page o p\u00e1gina principal del Portal pero no podr\u00e1 reproducirla de ninguna forma (online links, copia de los textos, gr\u00e1ficos, etc).<\/p>\n<p>Quedar\u00e1 en todo caso prohibido, de acuerdo con la legislaci\u00f3n aplicable y vigente en cada momento, establecer frames o marcos de cualquier tipo que envuelvan al Portal o permitan la visualizaci\u00f3n de los Contenidos a trav\u00e9s de direcciones de Internet distintas a las del Portal y, en cualquier caso, cuando se visualicen conjuntamente con contenidos ajenos al Portal de forma que: (I) produzca, o pueda producir, error, confusi\u00f3n o enga\u00f1o en los usuarios sobre la verdadera procedencia del servicio o Contenidos; (II) suponga un acto de comparaci\u00f3n o imitaci\u00f3n desleal; (III) sirva para aprovechar la reputaci\u00f3n de la marca y prestigio de BELNANI, S.L. ; o (IV) de cualquier otra forma resulte prohibido por la legislaci\u00f3n vigente.<\/p>\n<p>No se realizar\u00e1n desde la p\u00e1gina que introduce el enlace ning\u00fan tipo de manifestaci\u00f3n falsa, inexacta o incorrecta sobre BELNANI, S.L. , sus socios, empleados, clientes o sobre la calidad de los servicios que presta.<\/p>\n<p>En ning\u00fan caso, se expresar\u00e1 en la p\u00e1gina donde se ubique el enlace que BELNANI, S.L. \u00a0ha prestado su consentimiento para la inserci\u00f3n del enlace o que de otra forma patrocina, colabora, verifica o supervisa los servicios del remitente.<\/p>\n<p>Est\u00e1 prohibida la utilizaci\u00f3n de cualquier marca denominativa, gr\u00e1fica o mixta o cualquier otro signo distintivo de BELNANI, S.L. \u00a0dentro de la p\u00e1gina del remitente salvo en los casos permitidos por la ley o expresamente autorizados por BELNANI, S.L. \u00a0y siempre que se permita, en estos casos, un enlace directo con el Portal en la forma establecida en esta cl\u00e1usula.<\/p>\n<p>La p\u00e1gina que establezca el enlace deber\u00e1 cumplir fielmente con la ley y no podr\u00e1 en ning\u00fan caso disponer o enlazar con contenidos propios o de terceros que: (I) sean il\u00edcitos, nocivos o contrarios a la moral y a las buenas costumbres (pornogr\u00e1ficos, violentos, racistas, etc.); (II) induzcan o puedan inducir en el Usuario la falsa concepci\u00f3n de que BELNANI, S.L. \u00a0suscribe, respalda, se adhiere o de cualquier manera apoya, las ideas, manifestaciones o expresiones, l\u00edcitas o il\u00edcitas, del remitente; (III) resulten inapropiados o no pertinentes con la actividad de BELNANI, S.L. \u00a0en atenci\u00f3n al lugar, contenidos y tem\u00e1tica de la p\u00e1gina web del remitente.<\/p>\n<ol start=\"4\">\n<li><strong>Exclusi\u00f3n de responsabilidad<\/strong><\/li>\n<\/ol>\n<p><strong>4.1 De la Informaci\u00f3n<\/strong><\/p>\n<p>El acceso al Portal no implica la obligaci\u00f3n por parte de BELNANI, S.L. \u00a0de comprobar la veracidad, exactitud, adecuaci\u00f3n, idoneidad, exhaustividad y actualidad de la informaci\u00f3n suministrada a trav\u00e9s del mismo. Los contenidos de esta p\u00e1gina son de car\u00e1cter general y no constituyen, en modo alguno, la prestaci\u00f3n de un servicio de asesoramiento legal o de ning\u00fan tipo, por lo que dicha informaci\u00f3n resulta insuficiente para la toma de decisiones personales o empresariales por parte del Usuario.<\/p>\n<p>BELNANI, S.L. \u00a0no se responsabiliza de las decisiones tomadas a partir de la informaci\u00f3n suministrada en el Portal ni de los da\u00f1os y perjuicios producidos en el Usuario o terceros con motivo de actuaciones que tengan como \u00fanico fundamento la informaci\u00f3n obtenida en el Portal.<\/p>\n<p><strong>4.2 De la calidad del servicio<\/strong><\/p>\n<p>El acceso al Portal no implica la obligaci\u00f3n por parte de BELNANI, S.L. \u00a0de controlar la ausencia de virus, gusanos o cualquier otro elemento inform\u00e1tico da\u00f1ino. Corresponde al Usuario, en todo caso, la disponibilidad de herramientas adecuadas para la detecci\u00f3n y desinfecci\u00f3n de programas inform\u00e1ticos da\u00f1inos.<\/p>\n<p>BELNANI, S.L. \u00a0no se responsabiliza de los da\u00f1os producidos en los equipos inform\u00e1ticos de los Usuarios o de terceros durante la prestaci\u00f3n del servicio del Portal.<\/p>\n<p><strong>4.3 De la disponibilidad del Servicio<\/strong><\/p>\n<p>El acceso al Portal requiere de servicios y suministros de terceros, incluidos el transporte a trav\u00e9s de redes de telecomunicaciones cuya fiabilidad, calidad, continuidad y funcionamiento no corresponde a BELNANI, S.L. \u00a0Por consiguiente, los servicios prove\u00eddos a trav\u00e9s del Portal pueden ser suspendidos, cancelados o resultar inaccesibles, con car\u00e1cter previo o simult\u00e1neo a la prestaci\u00f3n del servicio del Portal.<\/p>\n<p>BELNANI, S.L. \u00a0no se responsabiliza de los da\u00f1os o perjuicios de cualquier tipo producidos en el Usuario que traigan causa de fallos o desconexiones en las redes de telecomunicaciones que produzcan la suspensi\u00f3n, cancelaci\u00f3n o interrupci\u00f3n del servicio del Portal durante la prestaci\u00f3n del mismo o con car\u00e1cter previo.<\/p>\n<p><strong>4.4 De los contenidos y servicios enlazados a trav\u00e9s del Portal<\/strong><\/p>\n<p>El servicio de acceso al Portal incluye dispositivos t\u00e9cnicos de enlace, directorios e incluso instrumentos de b\u00fasqueda que permiten al Usuario acceder a otras p\u00e1ginas y portales de Internet (en adelante, \u2018Sitios Enlazados\u2019). En estos casos, BELNANI, S.L. \u00a0act\u00faa como prestador de servicios de intermediaci\u00f3n de conformidad con el art\u00edculo 17 de la Ley 34\/2002, de 12 de julio, de Servicios de la Sociedad de la Informaci\u00f3n y el Comercio Electr\u00f3nico (LSSI) y s\u00f3lo ser\u00e1 responsable de los contenidos y servicios suministrados en los Sitios Enlazados en la medida en que tenga conocimiento efectivo de la ilicitud y no haya desactivado el enlace con la diligencia debida. En el supuesto de que el Usuario considere que existe un Sitio Enlazado con contenidos il\u00edcitos o inadecuados podr\u00e1 comunic\u00e1rselo a BELNANI, S.L. \u00a0de acuerdo con el procedimiento y los efectos establecidos en la cl\u00e1usula 6, sin que en ning\u00fan caso esta comunicaci\u00f3n conlleve la obligaci\u00f3n de retirar el correspondiente enlace.<\/p>\n<p>En ning\u00fan caso, la existencia de Sitios Enlazados debe presuponer la existencia de acuerdos con los responsables o titulares de los mismos, ni la recomendaci\u00f3n, promoci\u00f3n o identificaci\u00f3n de BELNANI, S.L. \u00a0con las manifestaciones, contenidos o servicios prove\u00eddas.<\/p>\n<p>BELNANI, S.L. \u00a0no conoce los contenidos y servicios de los Sitios Enlazados y por tanto no se hace responsable por los da\u00f1os producidos por la ilicitud, calidad, desactualizaci\u00f3n, indisponibilidad, error e inutilidad de los contenidos y\/o servicios de los Sitios Enlazados ni por cualquier otro da\u00f1o que no sea directamente imputable a BELNANI, S.L. .<\/p>\n<ol start=\"5\">\n<li><strong>Cookies<\/strong><\/li>\n<\/ol>\n<p>BELNANI, S.L. \u00a0podr\u00e1 utilizar cookies durante la prestaci\u00f3n del servicio del Portal. Las cookies son procedimientos autom\u00e1ticos de recogida de informaci\u00f3n relativa a las preferencias determinadas por un usuario durante su visita a una determinada p\u00e1gina web. Esta informaci\u00f3n se registra en peque\u00f1os archivos que son guardados en los equipos inform\u00e1ticos del usuario correspondiente de forma imperceptible. Cada vez que el usuario vuelve a acceder al sitio web en cuesti\u00f3n estos archivos se activan autom\u00e1ticamente de manera que se configura el sitio web con las preferencias se\u00f1aladas en anteriores visitas. En definitiva, las cookies son ficheros f\u00edsicos de informaci\u00f3n personal alojados en el propio terminal del usuario y asociados inequ\u00edvocamente a este terminal. Las cookies no pueden leer los archivos cookie creados por otros proveedores.<\/p>\n<p>El Usuario tiene la posibilidad de configurar su programa navegador de manera que se impida la creaci\u00f3n de archivos cookie o se advierta del momento en que esto ocurre. El Portal es accesible sin necesidad de que est\u00e9n activadas las opciones referentes a los archivos cookie, si bien pueden impedir el correcto funcionamiento de mecanismos de seguridad para servicios exclusivos o determinados servicios que requieren de una mayor seguridad. Por norma general, la finalidad de los archivos cookie del Portal es la de facilitar la navegaci\u00f3n del Usuario.<\/p>\n<ol start=\"6\">\n<li><strong>Comunicaci\u00f3n de actividades de car\u00e1cter il\u00edcito e inadecuado<\/strong><\/li>\n<\/ol>\n<p>En el caso de que el Usuario o cualquier otro usuario de Internet tuvieran conocimiento de que los Sitios Enlazados remiten a p\u00e1ginas cuyos contenidos o servicios son il\u00edcitos, nocivos, denigrantes, violentos o contrarios a la moral podr\u00e1 ponerse en contacto con BELNANI, S.L. \u00a0indicando los siguientes extremos:<\/p>\n<p>Datos personales del comunicante: nombre, direcci\u00f3n, n\u00famero de tel\u00e9fono y direcci\u00f3n de correo electr\u00f3nico;<\/p>\n<p>Descripci\u00f3n de los hechos que revelan el car\u00e1cter il\u00edcito o inadecuado del Sitio Enlazado;<\/p>\n<p>En el supuesto de violaci\u00f3n de derechos, tales como propiedad intelectual e industrial, los datos personales del titular del derecho infringido cuando sea persona distinta del comunicante. Asimismo deber\u00e1 aportar el t\u00edtulo que acredite la legitimaci\u00f3n del titular de los derechos y, en su caso, el de representaci\u00f3n para actuar por cuenta del titular cuando sea persona distinta del comunicante;<\/p>\n<p>Declaraci\u00f3n expresa de que la informaci\u00f3n contenida en la reclamaci\u00f3n es exacta.<\/p>\n<p>La recepci\u00f3n por parte de BELNANI, S.L. \u00a0de la comunicaci\u00f3n prevista en esta cl\u00e1usula no supondr\u00e1, seg\u00fan lo dispuesto en la LSSI, el conocimiento efectivo de las actividades y\/o contenidos indicados por el comunicante.<\/p>\n<p>Asimismo deber\u00e1 aportar el t\u00edtulo que acredite la legitimaci\u00f3n del titular de los derechos y, en su caso, el de representaci\u00f3n para actuar por cuenta del titular cuando sea persona distinta del comunicante; Declaraci\u00f3n expresa de que la informaci\u00f3n contenida en la reclamaci\u00f3n es exacta.<\/p>\n<p>La recepci\u00f3n por parte de BELNANI, S.L. \u00a0de la comunicaci\u00f3n prevista en esta cl\u00e1usula no supondr\u00e1, seg\u00fan lo dispuesto en la LSSI, el conocimiento efectivo de las actividades y\/o contenidos indicados por el comunicante.<\/p>\n<ol start=\"7\">\n<li><strong>Legislaci\u00f3n<\/strong><\/li>\n<\/ol>\n<p>El presente Aviso Legal se rige en todos y cada uno de sus extremos por la ley espa\u00f1ola.<\/p>\n<\/div><\/section><\/div>\n","protected":false},"excerpt":{"rendered":"","protected":false},"author":4,"featured_media":0,"parent":0,"menu_order":0,"comment_status":"closed","ping_status":"closed","template":"","meta":{"footnotes":""},"class_list":["post-14","page","type-page","status-publish","hentry"],"_links":{"self":[{"href":"https:\/\/drtorrescorpas.es\/promocion\/wp-json\/wp\/v2\/pages\/14","targetHints":{"allow":["GET"]}}],"collection":[{"href":"https:\/\/drtorrescorpas.es\/promocion\/wp-json\/wp\/v2\/pages"}],"about":[{"href":"https:\/\/drtorrescorpas.es\/promocion\/wp-json\/wp\/v2\/types\/page"}],"author":[{"embeddable":true,"href":"https:\/\/drtorrescorpas.es\/promocion\/wp-json\/wp\/v2\/users\/4"}],"replies":[{"embeddable":true,"href":"https:\/\/drtorrescorpas.es\/promocion\/wp-json\/wp\/v2\/comments?post=14"}],"version-history":[{"count":3,"href":"https:\/\/drtorrescorpas.es\/promocion\/wp-json\/wp\/v2\/pages\/14\/revisions"}],"predecessor-version":[{"id":58,"href":"https:\/\/drtorrescorpas.es\/promocion\/wp-json\/wp\/v2\/pages\/14\/revisions\/58"}],"wp:attachment":[{"href":"https:\/\/drtorrescorpas.es\/promocion\/wp-json\/wp\/v2\/media?parent=14"}],"curies":[{"name":"wp","href":"https:\/\/api.w.org\/{rel}","templated":true}]}}