{"id":10,"date":"2020-09-09T16:41:44","date_gmt":"2020-09-09T16:41:44","guid":{"rendered":"https:\/\/drtorrescorpas.es\/promocion\/?page_id=10"},"modified":"2025-12-10T09:51:05","modified_gmt":"2025-12-10T08:51:05","slug":"inicio","status":"publish","type":"page","link":"https:\/\/drtorrescorpas.es\/promocion\/","title":{"rendered":"Inicio"},"content":{"rendered":"\n<style type=\"text\/css\" data-created_by=\"avia_inline_auto\" id=\"style-css-av-kfr29e0h-ee2dd921529356346c71a93e7e897aec\">\n.avia-section.av-kfr29e0h-ee2dd921529356346c71a93e7e897aec{\nbackground-repeat:no-repeat;\nbackground-image:url(https:\/\/drtorrescorpas.es\/promocion\/wp-content\/uploads\/2020\/10\/cab.jpg);\nbackground-position:50% 50%;\nbackground-attachment:scroll;\n}\n<\/style>\n<div id='av_section_1'  class='avia-section av-kfr29e0h-ee2dd921529356346c71a93e7e897aec main_color avia-section-default avia-no-border-styling  avia-builder-el-0  el_before_av_section  avia-builder-el-first  avia-full-stretch avia-bg-style-scroll container_wrap sidebar_right'  data-section-bg-repeat='stretch'><div class='container av-section-cont-open' ><main  role=\"main\" itemprop=\"mainContentOfPage\"  class='template-page content  av-content-small alpha units'><div class='post-entry post-entry-type-page post-entry-10'><div class='entry-content-wrapper clearfix'>\n\n<style type=\"text\/css\" data-created_by=\"avia_inline_auto\" id=\"style-css-av-5plmm-0533de6e91776292516a0722a45b1ef3\">\n.flex_column.av-5plmm-0533de6e91776292516a0722a45b1ef3{\nborder-radius:0px 0px 0px 0px;\npadding:0px 0px 0px 0px;\n}\n<\/style>\n<div  class='flex_column av-5plmm-0533de6e91776292516a0722a45b1ef3 av_one_full  avia-builder-el-1  el_before_av_one_half  avia-builder-el-first  first flex_column_div av-zero-column-padding  '     ><section  class='av_textblock_section av-kevn460q-9fd99c383ad42d17a72802af9f95f221 '   itemscope=\"itemscope\" itemtype=\"https:\/\/schema.org\/CreativeWork\" ><div class='avia_textblock'  itemprop=\"text\" ><h1 class=\"text-center\" style=\"text-align: center;\"><span style=\"color: #ffffff;\">Aumento de mamas en M\u00e1laga y Marbella<\/span><\/h1>\n<\/div><\/section><br \/>\n\n<style type=\"text\/css\" data-created_by=\"avia_inline_auto\" id=\"style-css-av-kevn4i5d-2a72ac3ffe77287d57aea7025e92df82\">\n#top .av_textblock_section.av-kevn4i5d-2a72ac3ffe77287d57aea7025e92df82 .avia_textblock{\nfont-size:17px;\ncolor:#ffffff;\n}\n<\/style>\n<section  class='av_textblock_section av-kevn4i5d-2a72ac3ffe77287d57aea7025e92df82 '   itemscope=\"itemscope\" itemtype=\"https:\/\/schema.org\/CreativeWork\" ><div class='avia_textblock av_inherit_color'  itemprop=\"text\" ><p class=\"text-center\" style=\"text-align: center;\"><strong>Servicios que Incluye:<\/strong> Consultas m\u00e9dicas, Anal\u00edticas, Implantes, Quir\u00f3fano, Anestesia general, Revisiones.<\/p>\n<p class=\"text-center\" style=\"text-align: center;\"><em>Disponemos de la opci\u00f3n de financiaci\u00f3n de hasta 60 meses, cons\u00faltanos condiciones particulares.<\/em><\/p>\n<\/div><\/section><br \/>\n\n<style type=\"text\/css\" data-created_by=\"avia_inline_auto\" id=\"style-css-av-kevn4txq-6bb682c8431bde8b939192ddbcab7803\">\n#top .hr.av-kevn4txq-6bb682c8431bde8b939192ddbcab7803{\nmargin-top:30px;\nmargin-bottom:30px;\n}\n.hr.av-kevn4txq-6bb682c8431bde8b939192ddbcab7803 .hr-inner{\nwidth:30%;\nborder-color:#a3a3a3;\nmax-width:45%;\n}\n.hr.av-kevn4txq-6bb682c8431bde8b939192ddbcab7803 .av-seperator-icon{\ncolor:#a3a3a3;\n}\n.hr.av-kevn4txq-6bb682c8431bde8b939192ddbcab7803 .av-seperator-icon.avia-svg-icon svg:first-child{\nfill:#a3a3a3;\nstroke:#a3a3a3;\n}\n<\/style>\n<div  class='hr av-kevn4txq-6bb682c8431bde8b939192ddbcab7803 hr-custom  avia-builder-el-4  el_after_av_textblock  el_before_av_textblock  hr-center hr-icon-yes'><span class='hr-inner inner-border-av-border-thin'><span class=\"hr-inner-style\"><\/span><\/span><span class='av-seperator-icon avia-iconfont avia-font-entypo-fontello' data-av_icon='\ue86f' data-av_iconfont='entypo-fontello' ><\/span><span class='hr-inner inner-border-av-border-thin'><span class=\"hr-inner-style\"><\/span><\/span><\/div><br \/>\n\n<style type=\"text\/css\" data-created_by=\"avia_inline_auto\" id=\"style-css-av-kevn460q-2-490492d1973ff5ad094087e813b5dc26\">\n#top .av_textblock_section.av-kevn460q-2-490492d1973ff5ad094087e813b5dc26 .avia_textblock{\ncolor:#ffffff;\n}\n<\/style>\n<section  class='av_textblock_section av-kevn460q-2-490492d1973ff5ad094087e813b5dc26 '   itemscope=\"itemscope\" itemtype=\"https:\/\/schema.org\/CreativeWork\" ><div class='avia_textblock av_inherit_color'  itemprop=\"text\" ><h2 class=\"text-center\" style=\"text-align: center;\"><strong>\u00a1Estamos a su disposici\u00f3n!<\/strong><\/h2>\n<p class=\"text-center\" style=\"text-align: center;\"><strong>Solicita tu primera cita rellenando el siguiente formulario:<\/strong><\/p>\n<\/div><\/section><\/p><\/div>\n<style type=\"text\/css\" data-created_by=\"avia_inline_auto\" id=\"style-css-av-4dn0a-dec72bca2246daa0ae888371d3bbfafc\">\n.flex_column.av-4dn0a-dec72bca2246daa0ae888371d3bbfafc{\nborder-radius:0px 0px 0px 0px;\npadding:0px 0px 0px 0px;\n}\n<\/style>\n<div  class='flex_column av-4dn0a-dec72bca2246daa0ae888371d3bbfafc av_one_half  avia-builder-el-6  el_after_av_one_full  el_before_av_one_half  first flex_column_div av-zero-column-padding  column-top-margin'     ><style type=\"text\/css\" data-created_by=\"avia_inline_auto\" id=\"style-css-av-kevn6iza-81401de102d6484bebac3534593e2aae\">\n.avia-image-container.av-kevn6iza-81401de102d6484bebac3534593e2aae img.avia_image{\nbox-shadow:none;\n}\n.avia-image-container.av-kevn6iza-81401de102d6484bebac3534593e2aae .av-image-caption-overlay-center{\ncolor:#ffffff;\n}\n<\/style>\n<div  class='avia-image-container av-kevn6iza-81401de102d6484bebac3534593e2aae av-styling- avia-align-center  avia-builder-el-7  avia-builder-el-no-sibling '   itemprop=\"image\" itemscope=\"itemscope\" itemtype=\"https:\/\/schema.org\/ImageObject\" ><div class=\"avia-image-container-inner\"><div class=\"avia-image-overlay-wrap\"><img decoding=\"async\" fetchpriority=\"high\" class='wp-image-71 avia-img-lazy-loading-not-71 avia_image ' src=\"https:\/\/drtorrescorpas.es\/promocion\/wp-content\/uploads\/2020\/10\/oferta.jpg\" alt='' title='oferta'  height=\"600\" width=\"750\"  itemprop=\"thumbnailUrl\" srcset=\"https:\/\/drtorrescorpas.es\/promocion\/wp-content\/uploads\/2020\/10\/oferta.jpg 750w, https:\/\/drtorrescorpas.es\/promocion\/wp-content\/uploads\/2020\/10\/oferta-705x564.jpg 705w\" sizes=\"(max-width: 750px) 100vw, 750px\" \/><\/div><\/div><\/div><\/div>\n<style type=\"text\/css\" data-created_by=\"avia_inline_auto\" id=\"style-css-av-410x2-15bd8565008a831e6233f96b9ffd2ee0\">\n.flex_column.av-410x2-15bd8565008a831e6233f96b9ffd2ee0{\nborder-radius:0px 0px 0px 0px;\npadding:0px 0px 0px 0px;\n}\n<\/style>\n<div  class='flex_column av-410x2-15bd8565008a831e6233f96b9ffd2ee0 av_one_half  avia-builder-el-8  el_after_av_one_half  avia-builder-el-last  flex_column_div av-zero-column-padding  column-top-margin'     ><\/div><\/div><\/div><\/main><!-- close content main element --><\/div><\/div>\n<style type=\"text\/css\" data-created_by=\"avia_inline_auto\" id=\"style-css-av-lj48s3o5-4179cbde3a10b17b17d0a919b01fa51a\">\n.avia-section.av-lj48s3o5-4179cbde3a10b17b17d0a919b01fa51a{\nbackground-color:#eae2ce;\nbackground-image:unset;\n}\n<\/style>\n<div id='av_section_2'  class='avia-section av-lj48s3o5-4179cbde3a10b17b17d0a919b01fa51a main_color avia-section-default avia-no-border-styling  avia-builder-el-10  el_after_av_section  el_before_av_section  avia-bg-style-scroll container_wrap sidebar_right'  ><div class='container av-section-cont-open' ><div class='template-page content  av-content-small alpha units'><div class='post-entry post-entry-type-page post-entry-10'><div class='entry-content-wrapper clearfix'>\n<div  class='flex_column av-1g2p6-18d88d6e61b39774870b7112926459a9 av_one_half  avia-builder-el-11  el_before_av_one_half  avia-builder-el-first  first flex_column_div  '     ><style type=\"text\/css\" data-created_by=\"avia_inline_auto\" id=\"style-css-av-lj48ppeq-e9b2aae3a1b27108e49e3e289b680595\">\n#top .avia-icon-list-container.av-lj48ppeq-e9b2aae3a1b27108e49e3e289b680595 .iconlist_icon{\ncolor:#000000;\nbackground-color:#eae2ce;\nborder:1px solid #000000;\n}\n#top .avia-icon-list-container.av-lj48ppeq-e9b2aae3a1b27108e49e3e289b680595 .iconlist_icon svg:first-child{\nstroke:#000000;\nfill:#000000;\n}\n<\/style>\n<div  class='avia-icon-list-container av-lj48ppeq-e9b2aae3a1b27108e49e3e289b680595  avia-builder-el-12  avia-builder-el-no-sibling '><ul class='avia-icon-list avia_animate_when_almost_visible avia-icon-list-left av-iconlist-big av-lj48ppeq-e9b2aae3a1b27108e49e3e289b680595 avia-iconlist-animate'>\n<li><div class='iconlist_icon av-lj48pg1n-de93761b708dbd9292797fb81faf0dd6 avia-font-entypo-fontello avia-iconfont avia-font-entypo-fontello'><span class='av-icon-char' data-av_icon='\uf232' data-av_iconfont='entypo-fontello' aria-hidden=\"true\"><\/span><\/div><article class=\"article-icon-entry av-iconlist-empty\"  itemscope=\"itemscope\" itemtype=\"https:\/\/schema.org\/CreativeWork\" ><div class=\"iconlist_content_wrap\"><header class=\"entry-content-header\" aria-label=\"Icon: &lt;a href=&#039;https:\/\/wa.me\/34670674645&#039; title=&#039;CONTACTA POR WHATSAPP&#039;&gt;CONTACTA POR WHATSAPP&lt;\/a&gt;\"><h4 class='av_iconlist_title iconlist_title  '  itemprop=\"headline\" ><a href='https:\/\/wa.me\/34670674645' title='CONTACTA POR WHATSAPP'>CONTACTA POR WHATSAPP<\/a><\/h4><\/header><div class='iconlist_content '  itemprop=\"text\" ><\/div><\/div><footer class=\"entry-footer\"><\/footer><\/article><div class=\"iconlist-timeline\"><\/div><\/li>\n<\/ul><\/div><\/div><div  class='flex_column av-xn4a-b0a12d00ccf7b612a100152c624649c6 av_one_half  avia-builder-el-13  el_after_av_one_half  avia-builder-el-last  flex_column_div  '     ><style type=\"text\/css\" data-created_by=\"avia_inline_auto\" id=\"style-css-av-lj48qlso-5f4c994051be3446c94c1673cb69ca9e\">\n#top .avia-icon-list-container.av-lj48qlso-5f4c994051be3446c94c1673cb69ca9e .iconlist_icon{\ncolor:#000000;\nbackground-color:#eae2ce;\nborder:1px solid #000000;\n}\n#top .avia-icon-list-container.av-lj48qlso-5f4c994051be3446c94c1673cb69ca9e .iconlist_icon svg:first-child{\nstroke:#000000;\nfill:#000000;\n}\n<\/style>\n<div  class='avia-icon-list-container av-lj48qlso-5f4c994051be3446c94c1673cb69ca9e  avia-builder-el-14  avia-builder-el-no-sibling '><ul class='avia-icon-list avia_animate_when_almost_visible avia-icon-list-left av-iconlist-big av-lj48qlso-5f4c994051be3446c94c1673cb69ca9e avia-iconlist-animate'>\n<li><div class='iconlist_icon av-lj48q8ct-acfa30e9cf7f40a26818b448134e2eb9 avia-font-entypo-fontello avia-iconfont avia-font-entypo-fontello'><span class='av-icon-char' data-av_icon='\ue805' data-av_iconfont='entypo-fontello' aria-hidden=\"true\"><\/span><\/div><article class=\"article-icon-entry av-iconlist-empty\"  itemscope=\"itemscope\" itemtype=\"https:\/\/schema.org\/CreativeWork\" ><div class=\"iconlist_content_wrap\"><header class=\"entry-content-header\" aria-label=\"Icon: &lt;a href=&#039;mailto:info@drtorrescorpas.es&#039; title=&#039;CONTACTA POR EMAIL&#039;&gt;CONTACTA POR EMAIL&lt;\/a&gt;\"><h4 class='av_iconlist_title iconlist_title  '  itemprop=\"headline\" ><a href='mailto:info@drtorrescorpas.es' title='CONTACTA POR EMAIL'>CONTACTA POR EMAIL<\/a><\/h4><\/header><div class='iconlist_content '  itemprop=\"text\" ><\/div><\/div><footer class=\"entry-footer\"><\/footer><\/article><div class=\"iconlist-timeline\"><\/div><\/li>\n<\/ul><\/div><\/div>\n<\/p>\n<\/div><\/div><\/div><!-- close content main div --><\/div><\/div>\n<style type=\"text\/css\" data-created_by=\"avia_inline_auto\" id=\"style-css-av-kfm9jzvp-b7dd9f0f62aeae3d0a1e5740e4db7e38\">\n.avia-section.av-kfm9jzvp-b7dd9f0f62aeae3d0a1e5740e4db7e38{\nbackground-repeat:repeat;\nbackground-image:url(https:\/\/drtorrescorpas.es\/promocion\/wp-content\/uploads\/2020\/09\/wov.png);\nbackground-position:0% 0%;\nbackground-attachment:scroll;\n}\n<\/style>\n<div id='av_section_3'  class='avia-section av-kfm9jzvp-b7dd9f0f62aeae3d0a1e5740e4db7e38 main_color avia-section-default avia-no-border-styling  avia-builder-el-15  el_after_av_section  el_before_av_section  avia-bg-style-scroll container_wrap sidebar_right'  data-section-bg-repeat='repeat'><div class='container av-section-cont-open' ><div class='template-page content  av-content-small alpha units'><div class='post-entry post-entry-type-page post-entry-10'><div class='entry-content-wrapper clearfix'>\n\n<style type=\"text\/css\" data-created_by=\"avia_inline_auto\" id=\"style-css-av-23z6y-d734a28c89eeb954ab0ecf64a1f9dd30\">\n.flex_column.av-23z6y-d734a28c89eeb954ab0ecf64a1f9dd30{\nborder-radius:0px 0px 0px 0px;\npadding:0px 0px 0px 0px;\n}\n<\/style>\n<div  class='flex_column av-23z6y-d734a28c89eeb954ab0ecf64a1f9dd30 av_one_half  avia-builder-el-16  el_before_av_one_half  avia-builder-el-first  first flex_column_div av-zero-column-padding  '     ><section  class='av_textblock_section av-kfm9hqin-cc682c733da32a4bbadd7bc03ab96adf '   itemscope=\"itemscope\" itemtype=\"https:\/\/schema.org\/CreativeWork\" ><div class='avia_textblock'  itemprop=\"text\" ><h3 class=\"text-center\">Sobre Dr. Torres Corpas:<\/h3>\n<p>El doctor Jes\u00fas Torres Corpas es\u00a0<strong>experto en Cirug\u00eda Pl\u00e1stica y Reparadora en M\u00e1laga y Marbella<\/strong>\u00a0con\u00a0<strong>m\u00e1s de 30 a\u00f1os de experiencia<\/strong>\u00a0se ha convertido en una referencia indispensable en\u00a0<strong>cirug\u00eda pl\u00e1stica, genital y de g\u00e9nero<\/strong>.<\/p>\n<p>Es miembro de la Sociedad Espa\u00f1ola de Cirug\u00eda Pl\u00e1stica Reparadora y Est\u00e9tica (SECPRE) desde 1989 y fue presidente de la Sociedad Andaluza de Cirug\u00eda Pl\u00e1stica Reparadora y Est\u00e9tica (SACPRE) entre 2006 y 2010.<\/p>\n<p>Habitualmente trabaja en el\u00a0<strong>Hospital Quir\u00f3n de Marbella y Carlos Haya de M\u00e1laga,\u00a0<\/strong>adem\u00e1s dispone de consulta propia en Marbella y M\u00e1laga.<\/p>\n<\/div><\/section><\/div>\n<style type=\"text\/css\" data-created_by=\"avia_inline_auto\" id=\"style-css-av-1mm6y-b69cf6ebdc71f1de439b3aca13459526\">\n.flex_column.av-1mm6y-b69cf6ebdc71f1de439b3aca13459526{\nborder-radius:0px 0px 0px 0px;\npadding:0px 0px 0px 0px;\n}\n<\/style>\n<div  class='flex_column av-1mm6y-b69cf6ebdc71f1de439b3aca13459526 av_one_half  avia-builder-el-18  el_after_av_one_half  avia-builder-el-last  flex_column_div av-zero-column-padding  '     ><div  class='avia-video av-kfm9hz65-3bafc2ef96d706adaa9c463f84ab1efa avia-video-16-9 av-no-preview-image avia-video-load-always av-lazyload-immediate av-lazyload-video-embed'  itemprop=\"video\" itemtype=\"https:\/\/schema.org\/VideoObject\"  data-original_url='https:\/\/www.youtube.com\/watch?v=fbAqtCf5SmQ'><script type='text\/html' class='av-video-tmpl'><div class='avia-iframe-wrap'><iframe loading=\"lazy\" title=\"Presentaci\u00f3n | Dr. Jesus Torres Corpas | Cirug\u00eda Pl\u00e1stica y Reconstructiva\" width=\"1500\" height=\"844\" src=\"https:\/\/www.youtube.com\/embed\/fbAqtCf5SmQ?feature=oembed&autoplay=0&loop=0&controls=1&mute=0\" frameborder=\"0\" allow=\"accelerometer; autoplay; clipboard-write; encrypted-media; gyroscope; picture-in-picture; web-share\" referrerpolicy=\"strict-origin-when-cross-origin\" allowfullscreen><\/iframe><\/div><\/script><div class='av-click-to-play-overlay'><div class=\"avia_playpause_icon\"><\/div><\/div><\/div><\/div>\n\n<\/div><\/div><\/div><!-- close content main div --><\/div><\/div>\n<style type=\"text\/css\" data-created_by=\"avia_inline_auto\" id=\"style-css-av-kfm9nn2d-5692d6d186029f901872be6291cd5fa1\">\n.avia-section.av-kfm9nn2d-5692d6d186029f901872be6291cd5fa1{\nbackground-color:#000000;\nbackground-image:unset;\n}\n<\/style>\n<div id='av_section_4'  class='avia-section av-kfm9nn2d-5692d6d186029f901872be6291cd5fa1 main_color avia-section-default avia-no-border-styling  avia-builder-el-20  el_after_av_section  avia-builder-el-last  avia-bg-style-scroll container_wrap sidebar_right'  ><div class='container av-section-cont-open' ><div class='template-page content  av-content-small alpha units'><div class='post-entry post-entry-type-page post-entry-10'><div class='entry-content-wrapper clearfix'>\n<div class='flex_column_table av-kfm9o7q5-5a68d1d640af35f9f59ce5fd4de26b70 sc-av_one_full av-equal-height-column-flextable'>\n<style type=\"text\/css\" data-created_by=\"avia_inline_auto\" id=\"style-css-av-kfm9o7q5-5a68d1d640af35f9f59ce5fd4de26b70\">\n.flex_column.av-kfm9o7q5-5a68d1d640af35f9f59ce5fd4de26b70{\nborder-radius:0px 0px 0px 0px;\npadding:0px 0px 0px 0px;\n}\n<\/style>\n<div  class='flex_column av-kfm9o7q5-5a68d1d640af35f9f59ce5fd4de26b70 av_one_full  avia-builder-el-21  avia-builder-el-no-sibling  first flex_column_table_cell av-equal-height-column av-align-middle av-zero-column-padding  '     ><section  class='av_textblock_section av-kfm9hqin-1-4e1d6e36bda29e7c0dd37a060b09484d '   itemscope=\"itemscope\" itemtype=\"https:\/\/schema.org\/CreativeWork\" ><div class='avia_textblock'  itemprop=\"text\" ><h3 style=\"text-align: center;\"><span style=\"color: #ffffff;\">Si quieres m\u00e1s informaci\u00f3n visita nuestra web&#8230;<\/span><\/h3>\n<div  class='avia-button-wrap av-smn2-8398105646f21405bde5fb65cf5337d7-wrap avia-button-center  avia-builder-el-23  avia-builder-el-no-sibling '>\n<style type=\"text\/css\" data-created_by=\"avia_inline_auto\" id=\"style-css-av-smn2-8398105646f21405bde5fb65cf5337d7\">\n#top #wrap_all .avia-button.av-smn2-8398105646f21405bde5fb65cf5337d7:hover{\ncolor:#ffffff;\ntransition:all 0.4s ease-in-out;\n}\n#top #wrap_all .avia-button.av-smn2-8398105646f21405bde5fb65cf5337d7:hover .avia-svg-icon svg:first-child{\nfill:#ffffff;\nstroke:#ffffff;\n}\n<\/style>\n<a href='https:\/\/www.drtorrescorpas.es\/'  class='avia-button av-smn2-8398105646f21405bde5fb65cf5337d7 av-link-btn avia-icon_select-no avia-size-large avia-position-center avia-color-light avia-font-color-theme-color'   aria-label=\"drtorrescorpas.es\"><span class='avia_iconbox_title' >drtorrescorpas.es<\/span><span class='avia_button_background avia-button avia-color-theme-color-highlight' ><\/span><\/a><\/div>\n<\/div><\/section><\/div><\/div><!--close column table wrapper. Autoclose: 1 -->\n<\/div><\/div><\/div><!-- close content main div --><\/div><\/div><div id='after_section_4'  class='main_color av_default_container_wrap container_wrap sidebar_right'  ><div class='container av-section-cont-open' ><div class='template-page content  av-content-small alpha units'><div class='post-entry post-entry-type-page post-entry-10'><div class='entry-content-wrapper clearfix'>\n","protected":false},"excerpt":{"rendered":"","protected":false},"author":4,"featured_media":0,"parent":0,"menu_order":0,"comment_status":"closed","ping_status":"closed","template":"","meta":{"footnotes":""},"class_list":["post-10","page","type-page","status-publish","hentry"],"_links":{"self":[{"href":"https:\/\/drtorrescorpas.es\/promocion\/wp-json\/wp\/v2\/pages\/10","targetHints":{"allow":["GET"]}}],"collection":[{"href":"https:\/\/drtorrescorpas.es\/promocion\/wp-json\/wp\/v2\/pages"}],"about":[{"href":"https:\/\/drtorrescorpas.es\/promocion\/wp-json\/wp\/v2\/types\/page"}],"author":[{"embeddable":true,"href":"https:\/\/drtorrescorpas.es\/promocion\/wp-json\/wp\/v2\/users\/4"}],"replies":[{"embeddable":true,"href":"https:\/\/drtorrescorpas.es\/promocion\/wp-json\/wp\/v2\/comments?post=10"}],"version-history":[{"count":30,"href":"https:\/\/drtorrescorpas.es\/promocion\/wp-json\/wp\/v2\/pages\/10\/revisions"}],"predecessor-version":[{"id":160,"href":"https:\/\/drtorrescorpas.es\/promocion\/wp-json\/wp\/v2\/pages\/10\/revisions\/160"}],"wp:attachment":[{"href":"https:\/\/drtorrescorpas.es\/promocion\/wp-json\/wp\/v2\/media?parent=10"}],"curies":[{"name":"wp","href":"https:\/\/api.w.org\/{rel}","templated":true}]}}